{"id":519,"date":"2023-05-08T13:50:03","date_gmt":"2023-05-08T18:50:03","guid":{"rendered":"https:\/\/impactomundo.com\/?page_id=519"},"modified":"2023-06-29T06:57:41","modified_gmt":"2023-06-29T11:57:41","slug":"team-2-2","status":"publish","type":"page","link":"https:\/\/impactomundo.com\/?page_id=519","title":{"rendered":"Team"},"content":{"rendered":"\n<p>Este proyecto nace en <strong>2014 <\/strong>y se termina de consolidar en <strong>2020 <\/strong>con el objetivo de investigar, analizar e informar los acontecimientos, sucesos y golpes m\u00e1s importantes dentro del mundo criminal de Am\u00e9rica Latina en particular y del resto del planeta en general; tenemos un estilo \u00fanico, entrevistados e invitados de peso y no le quitamos la lupa a estos temas.<\/p>\n\n\n\n<figure class=\"wp-block-gallery has-nested-images columns-4 is-cropped wp-block-gallery-1 is-layout-flex wp-block-gallery-is-layout-flex\">\n<figure class=\"wp-block-image size-large\"><img fetchpriority=\"high\" decoding=\"async\" width=\"588\" height=\"1024\" data-id=\"468\" src=\"https:\/\/impactomundo.com\/wp-content\/uploads\/2023\/05\/DSC7964-1-588x1024.jpg\" alt=\"\" class=\"wp-image-468\" srcset=\"https:\/\/impactomundo.com\/wp-content\/uploads\/2023\/05\/DSC7964-1-588x1024.jpg 588w, https:\/\/impactomundo.com\/wp-content\/uploads\/2023\/05\/DSC7964-1-172x300.jpg 172w, https:\/\/impactomundo.com\/wp-content\/uploads\/2023\/05\/DSC7964-1-768x1337.jpg 768w, https:\/\/impactomundo.com\/wp-content\/uploads\/2023\/05\/DSC7964-1-882x1536.jpg 882w, https:\/\/impactomundo.com\/wp-content\/uploads\/2023\/05\/DSC7964-1-1177x2048.jpg 1177w, https:\/\/impactomundo.com\/wp-content\/uploads\/2023\/05\/DSC7964-1-1024x1782.jpg 1024w, https:\/\/impactomundo.com\/wp-content\/uploads\/2023\/05\/DSC7964-1-scaled.jpg 1471w\" sizes=\"(max-width: 588px) 100vw, 588px\" \/><figcaption class=\"wp-element-caption\"><strong>Iv\u00e1n Macias &#8211; Camarografo Editor<\/strong><\/figcaption><\/figure>\n\n\n\n<figure class=\"wp-block-image size-large\"><img decoding=\"async\" width=\"683\" height=\"1024\" data-id=\"450\" src=\"https:\/\/impactomundo.com\/wp-content\/uploads\/2023\/05\/DSC7123-683x1024.jpg\" alt=\"\" class=\"wp-image-450\" srcset=\"https:\/\/impactomundo.com\/wp-content\/uploads\/2023\/05\/DSC7123-683x1024.jpg 683w, https:\/\/impactomundo.com\/wp-content\/uploads\/2023\/05\/DSC7123-200x300.jpg 200w, https:\/\/impactomundo.com\/wp-content\/uploads\/2023\/05\/DSC7123-768x1152.jpg 768w, https:\/\/impactomundo.com\/wp-content\/uploads\/2023\/05\/DSC7123-1024x1536.jpg 1024w, https:\/\/impactomundo.com\/wp-content\/uploads\/2023\/05\/DSC7123-1365x2048.jpg 1365w, https:\/\/impactomundo.com\/wp-content\/uploads\/2023\/05\/DSC7123-scaled.jpg 1707w\" sizes=\"(max-width: 683px) 100vw, 683px\" \/><figcaption class=\"wp-element-caption\"><strong>Genesis P\u00e9rez &#8211; Periodista<\/strong><\/figcaption><\/figure>\n\n\n\n<figure class=\"wp-block-image size-large\"><img decoding=\"async\" width=\"675\" height=\"1024\" data-id=\"447\" src=\"https:\/\/impactomundo.com\/wp-content\/uploads\/2023\/05\/DSC7161-675x1024.jpg\" alt=\"\" class=\"wp-image-447\" srcset=\"https:\/\/impactomundo.com\/wp-content\/uploads\/2023\/05\/DSC7161-675x1024.jpg 675w, https:\/\/impactomundo.com\/wp-content\/uploads\/2023\/05\/DSC7161-198x300.jpg 198w, https:\/\/impactomundo.com\/wp-content\/uploads\/2023\/05\/DSC7161-768x1165.jpg 768w, https:\/\/impactomundo.com\/wp-content\/uploads\/2023\/05\/DSC7161-1013x1536.jpg 1013w, https:\/\/impactomundo.com\/wp-content\/uploads\/2023\/05\/DSC7161-1350x2048.jpg 1350w, https:\/\/impactomundo.com\/wp-content\/uploads\/2023\/05\/DSC7161-1024x1553.jpg 1024w, https:\/\/impactomundo.com\/wp-content\/uploads\/2023\/05\/DSC7161-scaled.jpg 1688w\" sizes=\"(max-width: 675px) 100vw, 675px\" \/><figcaption class=\"wp-element-caption\"><strong>Jorge Barrera  &#8211; Creador Digital<\/strong><\/figcaption><\/figure>\n\n\n\n<figure class=\"wp-block-image size-large\"><img loading=\"lazy\" decoding=\"async\" width=\"576\" height=\"1024\" data-id=\"446\" src=\"https:\/\/impactomundo.com\/wp-content\/uploads\/2023\/05\/DSC7388-576x1024.jpg\" alt=\"\" class=\"wp-image-446\" srcset=\"https:\/\/impactomundo.com\/wp-content\/uploads\/2023\/05\/DSC7388-576x1024.jpg 576w, https:\/\/impactomundo.com\/wp-content\/uploads\/2023\/05\/DSC7388-169x300.jpg 169w, https:\/\/impactomundo.com\/wp-content\/uploads\/2023\/05\/DSC7388-768x1365.jpg 768w, https:\/\/impactomundo.com\/wp-content\/uploads\/2023\/05\/DSC7388-864x1536.jpg 864w, https:\/\/impactomundo.com\/wp-content\/uploads\/2023\/05\/DSC7388-1152x2048.jpg 1152w, https:\/\/impactomundo.com\/wp-content\/uploads\/2023\/05\/DSC7388-1024x1820.jpg 1024w, https:\/\/impactomundo.com\/wp-content\/uploads\/2023\/05\/DSC7388-scaled.jpg 1440w\" sizes=\"(max-width: 576px) 100vw, 576px\" \/><figcaption class=\"wp-element-caption\"><strong>Jessica Pinilla  &#8211; Camarografa Editor<\/strong>a<\/figcaption><\/figure>\n\n\n\n<figure class=\"wp-block-image size-large\"><img loading=\"lazy\" decoding=\"async\" width=\"683\" height=\"1024\" data-id=\"478\" src=\"https:\/\/impactomundo.com\/wp-content\/uploads\/2023\/05\/DSC7632-1-683x1024.jpg\" alt=\"\" class=\"wp-image-478\" srcset=\"https:\/\/impactomundo.com\/wp-content\/uploads\/2023\/05\/DSC7632-1-683x1024.jpg 683w, https:\/\/impactomundo.com\/wp-content\/uploads\/2023\/05\/DSC7632-1-200x300.jpg 200w, https:\/\/impactomundo.com\/wp-content\/uploads\/2023\/05\/DSC7632-1-768x1152.jpg 768w, https:\/\/impactomundo.com\/wp-content\/uploads\/2023\/05\/DSC7632-1-1024x1536.jpg 1024w, https:\/\/impactomundo.com\/wp-content\/uploads\/2023\/05\/DSC7632-1-1365x2048.jpg 1365w, https:\/\/impactomundo.com\/wp-content\/uploads\/2023\/05\/DSC7632-1-scaled.jpg 1707w\" sizes=\"(max-width: 683px) 100vw, 683px\" \/><figcaption class=\"wp-element-caption\"><strong><strong>Geovanny Vergara &#8211; Camarografo Editor<\/strong><\/strong><\/figcaption><\/figure>\n\n\n\n<figure class=\"wp-block-image size-large\"><img loading=\"lazy\" decoding=\"async\" width=\"576\" height=\"1024\" data-id=\"476\" src=\"https:\/\/impactomundo.com\/wp-content\/uploads\/2023\/05\/DSC7436-1-576x1024.jpg\" alt=\"\" class=\"wp-image-476\" srcset=\"https:\/\/impactomundo.com\/wp-content\/uploads\/2023\/05\/DSC7436-1-576x1024.jpg 576w, https:\/\/impactomundo.com\/wp-content\/uploads\/2023\/05\/DSC7436-1-169x300.jpg 169w, https:\/\/impactomundo.com\/wp-content\/uploads\/2023\/05\/DSC7436-1-768x1365.jpg 768w, https:\/\/impactomundo.com\/wp-content\/uploads\/2023\/05\/DSC7436-1-864x1536.jpg 864w, https:\/\/impactomundo.com\/wp-content\/uploads\/2023\/05\/DSC7436-1-1024x1820.jpg 1024w, https:\/\/impactomundo.com\/wp-content\/uploads\/2023\/05\/DSC7436-1.jpg 1080w\" sizes=\"(max-width: 576px) 100vw, 576px\" \/><figcaption class=\"wp-element-caption\"><strong>Mar\u00eda Paula Garc\u00eda  &#8211; Periodista<\/strong><\/figcaption><\/figure>\n\n\n\n<figure class=\"wp-block-image size-full is-style-default\"><img loading=\"lazy\" decoding=\"async\" width=\"1439\" height=\"2560\" data-id=\"469\" src=\"https:\/\/impactomundo.com\/wp-content\/uploads\/2023\/05\/DSC6222-1-scaled.jpg\" alt=\"\" class=\"wp-image-469\" srcset=\"https:\/\/impactomundo.com\/wp-content\/uploads\/2023\/05\/DSC6222-1-scaled.jpg 1439w, https:\/\/impactomundo.com\/wp-content\/uploads\/2023\/05\/DSC6222-1-169x300.jpg 169w, https:\/\/impactomundo.com\/wp-content\/uploads\/2023\/05\/DSC6222-1-576x1024.jpg 576w, https:\/\/impactomundo.com\/wp-content\/uploads\/2023\/05\/DSC6222-1-768x1366.jpg 768w, https:\/\/impactomundo.com\/wp-content\/uploads\/2023\/05\/DSC6222-1-864x1536.jpg 864w, https:\/\/impactomundo.com\/wp-content\/uploads\/2023\/05\/DSC6222-1-1152x2048.jpg 1152w, https:\/\/impactomundo.com\/wp-content\/uploads\/2023\/05\/DSC6222-1-1024x1821.jpg 1024w\" sizes=\"(max-width: 1439px) 100vw, 1439px\" \/><figcaption class=\"wp-element-caption\"><strong>Paula Castro  &#8211; Presentadora &#8211; Modelo<\/strong><\/figcaption><\/figure>\n<\/figure>\n","protected":false},"excerpt":{"rendered":"<p>Este proyecto nace en 2014 y se termina de consolidar en 2020 con el objetivo&#8230;<\/p>\n","protected":false},"author":1,"featured_media":0,"parent":0,"menu_order":0,"comment_status":"closed","ping_status":"closed","template":"","meta":{"om_disable_all_campaigns":false,"_monsterinsights_skip_tracking":false,"_monsterinsights_sitenote_active":false,"_monsterinsights_sitenote_note":"","_monsterinsights_sitenote_category":0,"_uf_show_specific_survey":0,"_uf_disable_surveys":false,"footnotes":""},"class_list":["post-519","page","type-page","status-publish","hentry"],"aioseo_notices":[],"_links":{"self":[{"href":"https:\/\/impactomundo.com\/index.php?rest_route=\/wp\/v2\/pages\/519","targetHints":{"allow":["GET"]}}],"collection":[{"href":"https:\/\/impactomundo.com\/index.php?rest_route=\/wp\/v2\/pages"}],"about":[{"href":"https:\/\/impactomundo.com\/index.php?rest_route=\/wp\/v2\/types\/page"}],"author":[{"embeddable":true,"href":"https:\/\/impactomundo.com\/index.php?rest_route=\/wp\/v2\/users\/1"}],"replies":[{"embeddable":true,"href":"https:\/\/impactomundo.com\/index.php?rest_route=%2Fwp%2Fv2%2Fcomments&post=519"}],"version-history":[{"count":7,"href":"https:\/\/impactomundo.com\/index.php?rest_route=\/wp\/v2\/pages\/519\/revisions"}],"predecessor-version":[{"id":635,"href":"https:\/\/impactomundo.com\/index.php?rest_route=\/wp\/v2\/pages\/519\/revisions\/635"}],"wp:attachment":[{"href":"https:\/\/impactomundo.com\/index.php?rest_route=%2Fwp%2Fv2%2Fmedia&parent=519"}],"curies":[{"name":"wp","href":"https:\/\/api.w.org\/{rel}","templated":true}]}}