{"id":418,"date":"2023-05-05T15:53:21","date_gmt":"2023-05-05T20:53:21","guid":{"rendered":"https:\/\/impactomundo.com\/?page_id=418"},"modified":"2023-07-07T11:09:06","modified_gmt":"2023-07-07T16:09:06","slug":"perfil-criminal-2-3-2","status":"publish","type":"page","link":"https:\/\/impactomundo.com\/?page_id=418","title":{"rendered":"INTER\u00c9S &amp; ACTUALIDAD"},"content":{"rendered":"\n<p>INTER\u00c9S &amp; ACTUALIDAD: Por decisiones pol\u00edticas, acontecimientos inesperados o ataques vilmente planeados, Impacto Mundo tambi\u00e9n reacciona ante los sucesos que dejan at\u00f3nitos a muchos y que despiertan el debate; cubrimos desde temas como la crisis del Gobierno venezolano bajo las manos del Presidente Nicol\u00e1s Maduro hasta las medidas del Presidente Nayib Bukele para combatir a las pandillas de El Salvador.<\/p>\n\n\n\n<hr class=\"wp-block-separator has-alpha-channel-opacity\" style=\"color:#333333\"\/>\n\n\n\n<p><\/p>\n\n\n\n<figure class=\"wp-block-image size-large\"><a class=\"open_13\" href=\"javascript:void(0);\"><img fetchpriority=\"high\" decoding=\"async\" width=\"1024\" height=\"576\" src=\"https:\/\/impactomundo.com\/wp-content\/uploads\/2023\/05\/4knDRcATRZk_1280x720-1024x576.jpg\" alt=\"\" class=\"wp-image-419\" srcset=\"https:\/\/impactomundo.com\/wp-content\/uploads\/2023\/05\/4knDRcATRZk_1280x720-1024x576.jpg 1024w, https:\/\/impactomundo.com\/wp-content\/uploads\/2023\/05\/4knDRcATRZk_1280x720-300x169.jpg 300w, https:\/\/impactomundo.com\/wp-content\/uploads\/2023\/05\/4knDRcATRZk_1280x720-768x432.jpg 768w, https:\/\/impactomundo.com\/wp-content\/uploads\/2023\/05\/4knDRcATRZk_1280x720.jpg 1280w\" sizes=\"(max-width: 1024px) 100vw, 1024px\" \/><\/a><\/figure>\n\n\n\n<hr class=\"wp-block-separator has-alpha-channel-opacity\" style=\"color:#333333\"\/>\n\n\n\n<figure class=\"wp-block-image size-large\"><a class=\"open_14\" href=\"javascript:void(0);\"><img decoding=\"async\" width=\"1024\" height=\"576\" src=\"https:\/\/impactomundo.com\/wp-content\/uploads\/2023\/05\/CveuRdSuLkg_1280x720-1024x576.jpg\" alt=\"\" class=\"wp-image-420\" srcset=\"https:\/\/impactomundo.com\/wp-content\/uploads\/2023\/05\/CveuRdSuLkg_1280x720-1024x576.jpg 1024w, https:\/\/impactomundo.com\/wp-content\/uploads\/2023\/05\/CveuRdSuLkg_1280x720-300x169.jpg 300w, https:\/\/impactomundo.com\/wp-content\/uploads\/2023\/05\/CveuRdSuLkg_1280x720-768x432.jpg 768w, https:\/\/impactomundo.com\/wp-content\/uploads\/2023\/05\/CveuRdSuLkg_1280x720.jpg 1280w\" sizes=\"(max-width: 1024px) 100vw, 1024px\" \/><\/a><\/figure>\n\n\n\n<hr class=\"wp-block-separator has-alpha-channel-opacity\" style=\"color:#333333\"\/>\n\n\n\n<figure class=\"wp-block-image size-large\"><a class=\"open_15\" href=\"javascript:void(0);\"><img decoding=\"async\" width=\"1024\" height=\"576\" src=\"https:\/\/impactomundo.com\/wp-content\/uploads\/2023\/05\/0oAGEoPzUu4_1280x720-1024x576.jpg\" alt=\"\" class=\"wp-image-421\" srcset=\"https:\/\/impactomundo.com\/wp-content\/uploads\/2023\/05\/0oAGEoPzUu4_1280x720-1024x576.jpg 1024w, https:\/\/impactomundo.com\/wp-content\/uploads\/2023\/05\/0oAGEoPzUu4_1280x720-300x169.jpg 300w, https:\/\/impactomundo.com\/wp-content\/uploads\/2023\/05\/0oAGEoPzUu4_1280x720-768x432.jpg 768w, https:\/\/impactomundo.com\/wp-content\/uploads\/2023\/05\/0oAGEoPzUu4_1280x720.jpg 1280w\" sizes=\"(max-width: 1024px) 100vw, 1024px\" \/><\/a><\/figure>\n\n\n\n<hr class=\"wp-block-separator has-alpha-channel-opacity\" style=\"color:#333333\"\/>\n\n\n\n<iframe width=\"1882\" height=\"897\" src=\"https:\/\/www.youtube.com\/embed\/8RrDyBDCTyk\" title=\"Traidor COLOMBIANO del MENCHO: ALIAS LA FIRMA ahora ES PIEZA CLAVE del CJNG en M\u00c9XICO\" frameborder=\"0\" allow=\"accelerometer; autoplay; clipboard-write; encrypted-media; gyroscope; picture-in-picture; web-share\" allowfullscreen><\/iframe>\n","protected":false},"excerpt":{"rendered":"<p>INTER\u00c9S &amp; ACTUALIDAD: Por decisiones pol\u00edticas, acontecimientos inesperados o ataques vilmente planeados, Impacto Mundo tambi\u00e9n&#8230;<\/p>\n","protected":false},"author":1,"featured_media":0,"parent":0,"menu_order":0,"comment_status":"closed","ping_status":"closed","template":"","meta":{"om_disable_all_campaigns":false,"_monsterinsights_skip_tracking":false,"_monsterinsights_sitenote_active":false,"_monsterinsights_sitenote_note":"","_monsterinsights_sitenote_category":0,"_uf_show_specific_survey":0,"_uf_disable_surveys":false,"footnotes":""},"class_list":["post-418","page","type-page","status-publish","hentry"],"aioseo_notices":[],"_links":{"self":[{"href":"https:\/\/impactomundo.com\/index.php?rest_route=\/wp\/v2\/pages\/418","targetHints":{"allow":["GET"]}}],"collection":[{"href":"https:\/\/impactomundo.com\/index.php?rest_route=\/wp\/v2\/pages"}],"about":[{"href":"https:\/\/impactomundo.com\/index.php?rest_route=\/wp\/v2\/types\/page"}],"author":[{"embeddable":true,"href":"https:\/\/impactomundo.com\/index.php?rest_route=\/wp\/v2\/users\/1"}],"replies":[{"embeddable":true,"href":"https:\/\/impactomundo.com\/index.php?rest_route=%2Fwp%2Fv2%2Fcomments&post=418"}],"version-history":[{"count":3,"href":"https:\/\/impactomundo.com\/index.php?rest_route=\/wp\/v2\/pages\/418\/revisions"}],"predecessor-version":[{"id":642,"href":"https:\/\/impactomundo.com\/index.php?rest_route=\/wp\/v2\/pages\/418\/revisions\/642"}],"wp:attachment":[{"href":"https:\/\/impactomundo.com\/index.php?rest_route=%2Fwp%2Fv2%2Fmedia&parent=418"}],"curies":[{"name":"wp","href":"https:\/\/api.w.org\/{rel}","templated":true}]}}