{"id":407,"date":"2023-05-05T15:47:33","date_gmt":"2023-05-05T20:47:33","guid":{"rendered":"https:\/\/impactomundo.com\/?page_id=407"},"modified":"2023-05-05T15:47:33","modified_gmt":"2023-05-05T20:47:33","slug":"perfil-criminal-2-3","status":"publish","type":"page","link":"https:\/\/impactomundo.com\/?page_id=407","title":{"rendered":"LUJOS Y EXCENTRICIDADES"},"content":{"rendered":"\n<p>LUJOS Y EXCENTRICIDADES: Con el auge de las redes sociales, hasta los narcos y criminales les gusta presumir sus lujos y excentricidades en plataformas como Instagram y Tiktok; aqu\u00ed no solo reunimos los videos m\u00e1s escandalosos de personajes pol\u00e9micos sino que investigamos de d\u00f3nde provendr\u00edan sus riquezas y a cu\u00e1nto ascienden sus fortunas.<\/p>\n\n\n\n<hr class=\"wp-block-separator has-alpha-channel-opacity\" style=\"color:#333333\"\/>\n\n\n\n<p><\/p>\n\n\n\n<figure class=\"wp-block-image size-large\"><a class=\"open_10\" href=\"javascript:void(0);\"><img fetchpriority=\"high\" decoding=\"async\" width=\"1024\" height=\"576\" src=\"https:\/\/impactomundo.com\/wp-content\/uploads\/2023\/05\/aj4uVTAoeFw_1280x720-1024x576.jpg\" alt=\"\" class=\"wp-image-408\" srcset=\"https:\/\/impactomundo.com\/wp-content\/uploads\/2023\/05\/aj4uVTAoeFw_1280x720-1024x576.jpg 1024w, https:\/\/impactomundo.com\/wp-content\/uploads\/2023\/05\/aj4uVTAoeFw_1280x720-300x169.jpg 300w, https:\/\/impactomundo.com\/wp-content\/uploads\/2023\/05\/aj4uVTAoeFw_1280x720-768x432.jpg 768w, https:\/\/impactomundo.com\/wp-content\/uploads\/2023\/05\/aj4uVTAoeFw_1280x720.jpg 1280w\" sizes=\"(max-width: 1024px) 100vw, 1024px\" \/><\/a><\/figure>\n\n\n\n<hr class=\"wp-block-separator has-alpha-channel-opacity\" style=\"color:#333333\"\/>\n\n\n\n<figure class=\"wp-block-image size-large\"><a class=\"open_11\" href=\"javascript:void(0);\"><img decoding=\"async\" width=\"1024\" height=\"576\" src=\"https:\/\/impactomundo.com\/wp-content\/uploads\/2023\/05\/Lj8yPZ5L4QE_1280x720-1024x576.jpg\" alt=\"\" class=\"wp-image-409\" srcset=\"https:\/\/impactomundo.com\/wp-content\/uploads\/2023\/05\/Lj8yPZ5L4QE_1280x720-1024x576.jpg 1024w, https:\/\/impactomundo.com\/wp-content\/uploads\/2023\/05\/Lj8yPZ5L4QE_1280x720-300x169.jpg 300w, https:\/\/impactomundo.com\/wp-content\/uploads\/2023\/05\/Lj8yPZ5L4QE_1280x720-768x432.jpg 768w, https:\/\/impactomundo.com\/wp-content\/uploads\/2023\/05\/Lj8yPZ5L4QE_1280x720.jpg 1280w\" sizes=\"(max-width: 1024px) 100vw, 1024px\" \/><\/a><\/figure>\n\n\n\n<hr class=\"wp-block-separator has-alpha-channel-opacity\" style=\"color:#333333\"\/>\n\n\n\n<figure class=\"wp-block-image size-large\"><a class=\"open_12\" href=\"javascript:void(0);\"><img decoding=\"async\" width=\"1024\" height=\"576\" src=\"https:\/\/impactomundo.com\/wp-content\/uploads\/2023\/05\/XRlsyNcKpc0_1280x720-1024x576.jpg\" alt=\"\" class=\"wp-image-410\" srcset=\"https:\/\/impactomundo.com\/wp-content\/uploads\/2023\/05\/XRlsyNcKpc0_1280x720-1024x576.jpg 1024w, https:\/\/impactomundo.com\/wp-content\/uploads\/2023\/05\/XRlsyNcKpc0_1280x720-300x169.jpg 300w, https:\/\/impactomundo.com\/wp-content\/uploads\/2023\/05\/XRlsyNcKpc0_1280x720-768x432.jpg 768w, https:\/\/impactomundo.com\/wp-content\/uploads\/2023\/05\/XRlsyNcKpc0_1280x720.jpg 1280w\" sizes=\"(max-width: 1024px) 100vw, 1024px\" \/><\/a><\/figure>\n\n\n\n<hr class=\"wp-block-separator has-alpha-channel-opacity\" style=\"color:#333333\"\/>\n","protected":false},"excerpt":{"rendered":"<p>LUJOS Y EXCENTRICIDADES: Con el auge de las redes sociales, hasta los narcos y criminales&#8230;<\/p>\n","protected":false},"author":1,"featured_media":0,"parent":0,"menu_order":0,"comment_status":"closed","ping_status":"closed","template":"","meta":{"om_disable_all_campaigns":false,"_monsterinsights_skip_tracking":false,"_monsterinsights_sitenote_active":false,"_monsterinsights_sitenote_note":"","_monsterinsights_sitenote_category":0,"_uf_show_specific_survey":0,"_uf_disable_surveys":false,"footnotes":""},"class_list":["post-407","page","type-page","status-publish","hentry"],"aioseo_notices":[],"_links":{"self":[{"href":"https:\/\/impactomundo.com\/index.php?rest_route=\/wp\/v2\/pages\/407","targetHints":{"allow":["GET"]}}],"collection":[{"href":"https:\/\/impactomundo.com\/index.php?rest_route=\/wp\/v2\/pages"}],"about":[{"href":"https:\/\/impactomundo.com\/index.php?rest_route=\/wp\/v2\/types\/page"}],"author":[{"embeddable":true,"href":"https:\/\/impactomundo.com\/index.php?rest_route=\/wp\/v2\/users\/1"}],"replies":[{"embeddable":true,"href":"https:\/\/impactomundo.com\/index.php?rest_route=%2Fwp%2Fv2%2Fcomments&post=407"}],"version-history":[{"count":1,"href":"https:\/\/impactomundo.com\/index.php?rest_route=\/wp\/v2\/pages\/407\/revisions"}],"predecessor-version":[{"id":411,"href":"https:\/\/impactomundo.com\/index.php?rest_route=\/wp\/v2\/pages\/407\/revisions\/411"}],"wp:attachment":[{"href":"https:\/\/impactomundo.com\/index.php?rest_route=%2Fwp%2Fv2%2Fmedia&parent=407"}],"curies":[{"name":"wp","href":"https:\/\/api.w.org\/{rel}","templated":true}]}}