{"id":393,"date":"2023-05-05T15:30:37","date_gmt":"2023-05-05T20:30:37","guid":{"rendered":"https:\/\/impactomundo.com\/?page_id=393"},"modified":"2023-07-07T11:24:48","modified_gmt":"2023-07-07T16:24:48","slug":"perfil-criminal-2-2","status":"publish","type":"page","link":"https:\/\/impactomundo.com\/?page_id=393","title":{"rendered":"AN\u00c1LISIS CRIMINAL"},"content":{"rendered":"\n<p>AN\u00c1LISIS CRIMINAL: Entrevistas concretas y din\u00e1micas con los mejores expertos del mundo criminal: escritores, investigadores, periodistas especializados, psic\u00f3logos perfiladores, autoridades nacionales e internacionales y directores de fundaciones son solo algunos de nuestros invitados con quienes dialogamos de todos los temas que conforman el mundo del crimen.<\/p>\n\n\n\n<hr class=\"wp-block-separator has-alpha-channel-opacity\" style=\"color:#333333\"\/>\n\n\n\n<p><\/p>\n\n\n\n<figure class=\"wp-block-image size-large\"><a class=\"open_7\" href=\"javascript:void(0);\"><img fetchpriority=\"high\" decoding=\"async\" width=\"1024\" height=\"576\" src=\"https:\/\/impactomundo.com\/wp-content\/uploads\/2023\/05\/KGZH1uEFsQQ_1280x720-1024x576.jpg\" alt=\"\" class=\"wp-image-394\" srcset=\"https:\/\/impactomundo.com\/wp-content\/uploads\/2023\/05\/KGZH1uEFsQQ_1280x720-1024x576.jpg 1024w, https:\/\/impactomundo.com\/wp-content\/uploads\/2023\/05\/KGZH1uEFsQQ_1280x720-300x169.jpg 300w, https:\/\/impactomundo.com\/wp-content\/uploads\/2023\/05\/KGZH1uEFsQQ_1280x720-768x432.jpg 768w, https:\/\/impactomundo.com\/wp-content\/uploads\/2023\/05\/KGZH1uEFsQQ_1280x720.jpg 1280w\" sizes=\"(max-width: 1024px) 100vw, 1024px\" \/><\/a><\/figure>\n\n\n\n<hr class=\"wp-block-separator has-alpha-channel-opacity\" style=\"color:#333333\"\/>\n\n\n\n<figure class=\"wp-block-image size-large\"><a class=\"open_8\" href=\"javascript:void(0);\"><img decoding=\"async\" width=\"1024\" height=\"576\" src=\"https:\/\/impactomundo.com\/wp-content\/uploads\/2023\/05\/byXi4ij1H3M_1280x720-1024x576.jpg\" alt=\"\" class=\"wp-image-395\" srcset=\"https:\/\/impactomundo.com\/wp-content\/uploads\/2023\/05\/byXi4ij1H3M_1280x720-1024x576.jpg 1024w, https:\/\/impactomundo.com\/wp-content\/uploads\/2023\/05\/byXi4ij1H3M_1280x720-300x169.jpg 300w, https:\/\/impactomundo.com\/wp-content\/uploads\/2023\/05\/byXi4ij1H3M_1280x720-768x432.jpg 768w, https:\/\/impactomundo.com\/wp-content\/uploads\/2023\/05\/byXi4ij1H3M_1280x720.jpg 1280w\" sizes=\"(max-width: 1024px) 100vw, 1024px\" \/><\/a><\/figure>\n\n\n\n<hr class=\"wp-block-separator has-alpha-channel-opacity\" style=\"color:#333333\"\/>\n\n\n\n<figure class=\"wp-block-image size-large\"><a class=\"open_9\" href=\"javascript:void(0);\"><img decoding=\"async\" width=\"1024\" height=\"576\" src=\"https:\/\/impactomundo.com\/wp-content\/uploads\/2023\/05\/Rv_oaI8AeXE_1280x720-1024x576.jpg\" alt=\"\" class=\"wp-image-396\" srcset=\"https:\/\/impactomundo.com\/wp-content\/uploads\/2023\/05\/Rv_oaI8AeXE_1280x720-1024x576.jpg 1024w, https:\/\/impactomundo.com\/wp-content\/uploads\/2023\/05\/Rv_oaI8AeXE_1280x720-300x169.jpg 300w, https:\/\/impactomundo.com\/wp-content\/uploads\/2023\/05\/Rv_oaI8AeXE_1280x720-768x432.jpg 768w, https:\/\/impactomundo.com\/wp-content\/uploads\/2023\/05\/Rv_oaI8AeXE_1280x720.jpg 1280w\" sizes=\"(max-width: 1024px) 100vw, 1024px\" \/><\/a><\/figure>\n\n\n\n<hr class=\"wp-block-separator has-alpha-channel-opacity\"\/>\n\n\n\n<figure class=\"wp-block-image size-large\"><a class=\"open_losarzatebrazodelmayozambada\" href=\"javascript:void(0);\"><img loading=\"lazy\" decoding=\"async\" width=\"1024\" height=\"576\" src=\"https:\/\/impactomundo.com\/wp-content\/uploads\/2023\/07\/mini-los-arzate-del-mayo_00295-1024x576.jpg\" alt=\"\" class=\"wp-image-649\" srcset=\"https:\/\/impactomundo.com\/wp-content\/uploads\/2023\/07\/mini-los-arzate-del-mayo_00295-1024x576.jpg 1024w, https:\/\/impactomundo.com\/wp-content\/uploads\/2023\/07\/mini-los-arzate-del-mayo_00295-300x169.jpg 300w, https:\/\/impactomundo.com\/wp-content\/uploads\/2023\/07\/mini-los-arzate-del-mayo_00295-768x432.jpg 768w, https:\/\/impactomundo.com\/wp-content\/uploads\/2023\/07\/mini-los-arzate-del-mayo_00295-1536x864.jpg 1536w, https:\/\/impactomundo.com\/wp-content\/uploads\/2023\/07\/mini-los-arzate-del-mayo_00295.jpg 1920w\" sizes=\"(max-width: 1024px) 100vw, 1024px\" \/><\/figure>\n\n\n\n<hr class=\"wp-block-separator has-alpha-channel-opacity\"\/>\n","protected":false},"excerpt":{"rendered":"<p>AN\u00c1LISIS CRIMINAL: Entrevistas concretas y din\u00e1micas con los mejores expertos del mundo criminal: escritores, investigadores,&#8230;<\/p>\n","protected":false},"author":1,"featured_media":0,"parent":0,"menu_order":0,"comment_status":"closed","ping_status":"closed","template":"","meta":{"om_disable_all_campaigns":false,"_monsterinsights_skip_tracking":false,"_monsterinsights_sitenote_active":false,"_monsterinsights_sitenote_note":"","_monsterinsights_sitenote_category":0,"_uf_show_specific_survey":0,"_uf_disable_surveys":false,"footnotes":""},"class_list":["post-393","page","type-page","status-publish","hentry"],"aioseo_notices":[],"_links":{"self":[{"href":"https:\/\/impactomundo.com\/index.php?rest_route=\/wp\/v2\/pages\/393","targetHints":{"allow":["GET"]}}],"collection":[{"href":"https:\/\/impactomundo.com\/index.php?rest_route=\/wp\/v2\/pages"}],"about":[{"href":"https:\/\/impactomundo.com\/index.php?rest_route=\/wp\/v2\/types\/page"}],"author":[{"embeddable":true,"href":"https:\/\/impactomundo.com\/index.php?rest_route=\/wp\/v2\/users\/1"}],"replies":[{"embeddable":true,"href":"https:\/\/impactomundo.com\/index.php?rest_route=%2Fwp%2Fv2%2Fcomments&post=393"}],"version-history":[{"count":15,"href":"https:\/\/impactomundo.com\/index.php?rest_route=\/wp\/v2\/pages\/393\/revisions"}],"predecessor-version":[{"id":653,"href":"https:\/\/impactomundo.com\/index.php?rest_route=\/wp\/v2\/pages\/393\/revisions\/653"}],"wp:attachment":[{"href":"https:\/\/impactomundo.com\/index.php?rest_route=%2Fwp%2Fv2%2Fmedia&parent=393"}],"curies":[{"name":"wp","href":"https:\/\/api.w.org\/{rel}","templated":true}]}}