{"id":372,"date":"2023-05-05T15:09:39","date_gmt":"2023-05-05T20:09:39","guid":{"rendered":"https:\/\/impactomundo.com\/?page_id=372"},"modified":"2023-06-16T08:03:29","modified_gmt":"2023-06-16T13:03:29","slug":"perfil-criminal-2","status":"publish","type":"page","link":"https:\/\/impactomundo.com\/?page_id=372","title":{"rendered":"TOP 10"},"content":{"rendered":"\n<p>TOP 10: Recopilaci\u00f3n de 10 criminales m\u00e1s buscados, 10 operativos policiales, 10 armas especiales de alg\u00fan grupo, 10 peores condenas o los 10 generales corruptos son solo algunos de los TOPS que componen esta secci\u00f3n que est\u00e1 cargada de datos espec\u00edficos y videos exclusivos de armas.<\/p>\n\n\n\n<hr class=\"wp-block-separator has-alpha-channel-opacity\" style=\"color:#333333\"\/>\n\n\n\n<p><\/p>\n\n\n\n<figure class=\"wp-block-image size-large\"><a class=\"open_4\" href=\"javascript:void(0);\"><img fetchpriority=\"high\" decoding=\"async\" width=\"1024\" height=\"576\" src=\"https:\/\/impactomundo.com\/wp-content\/uploads\/2023\/05\/1ar2O-P6vLM_1280x720-1024x576.jpg\" alt=\"\" class=\"wp-image-373\" srcset=\"https:\/\/impactomundo.com\/wp-content\/uploads\/2023\/05\/1ar2O-P6vLM_1280x720-1024x576.jpg 1024w, https:\/\/impactomundo.com\/wp-content\/uploads\/2023\/05\/1ar2O-P6vLM_1280x720-300x169.jpg 300w, https:\/\/impactomundo.com\/wp-content\/uploads\/2023\/05\/1ar2O-P6vLM_1280x720-768x432.jpg 768w, https:\/\/impactomundo.com\/wp-content\/uploads\/2023\/05\/1ar2O-P6vLM_1280x720.jpg 1280w\" sizes=\"(max-width: 1024px) 100vw, 1024px\" \/><\/a><\/figure>\n\n\n\n<hr class=\"wp-block-separator has-alpha-channel-opacity\" style=\"color:#333333\"\/>\n\n\n\n<figure class=\"wp-block-image size-large\"><a class=\"open_5\" href=\"javascript:void(0);\"><img decoding=\"async\" width=\"1024\" height=\"576\" src=\"https:\/\/impactomundo.com\/wp-content\/uploads\/2023\/05\/ZdZvxRhkIMI_1280x720-1024x576.jpg\" alt=\"\" class=\"wp-image-374\" srcset=\"https:\/\/impactomundo.com\/wp-content\/uploads\/2023\/05\/ZdZvxRhkIMI_1280x720-1024x576.jpg 1024w, https:\/\/impactomundo.com\/wp-content\/uploads\/2023\/05\/ZdZvxRhkIMI_1280x720-300x169.jpg 300w, https:\/\/impactomundo.com\/wp-content\/uploads\/2023\/05\/ZdZvxRhkIMI_1280x720-768x432.jpg 768w, https:\/\/impactomundo.com\/wp-content\/uploads\/2023\/05\/ZdZvxRhkIMI_1280x720.jpg 1280w\" sizes=\"(max-width: 1024px) 100vw, 1024px\" \/><\/a><\/figure>\n\n\n\n<hr class=\"wp-block-separator has-alpha-channel-opacity\" style=\"color:#333333\"\/>\n\n\n\n<figure class=\"wp-block-image size-large\"><a class=\"open_6\" href=\"javascript:void(0);\"><img decoding=\"async\" width=\"1024\" height=\"576\" src=\"https:\/\/impactomundo.com\/wp-content\/uploads\/2023\/05\/IUj8fgwSgDI_1280x720-1024x576.jpg\" alt=\"\" class=\"wp-image-375\" srcset=\"https:\/\/impactomundo.com\/wp-content\/uploads\/2023\/05\/IUj8fgwSgDI_1280x720-1024x576.jpg 1024w, https:\/\/impactomundo.com\/wp-content\/uploads\/2023\/05\/IUj8fgwSgDI_1280x720-300x169.jpg 300w, https:\/\/impactomundo.com\/wp-content\/uploads\/2023\/05\/IUj8fgwSgDI_1280x720-768x432.jpg 768w, https:\/\/impactomundo.com\/wp-content\/uploads\/2023\/05\/IUj8fgwSgDI_1280x720.jpg 1280w\" sizes=\"(max-width: 1024px) 100vw, 1024px\" \/><\/a><\/figure>\n\n\n\n<hr class=\"wp-block-separator has-alpha-channel-opacity\" style=\"color:#333333\"\/>\n\n\n\n<figure class=\"wp-block-image size-large\"><img loading=\"lazy\" decoding=\"async\" width=\"1024\" height=\"576\" src=\"https:\/\/impactomundo.com\/wp-content\/uploads\/2023\/06\/TOP-10_00000-1024x576.jpg\" alt=\"\" class=\"wp-image-627 open_topnarcoscaidos\" srcset=\"https:\/\/impactomundo.com\/wp-content\/uploads\/2023\/06\/TOP-10_00000-1024x576.jpg 1024w, https:\/\/impactomundo.com\/wp-content\/uploads\/2023\/06\/TOP-10_00000-300x169.jpg 300w, https:\/\/impactomundo.com\/wp-content\/uploads\/2023\/06\/TOP-10_00000-768x432.jpg 768w, https:\/\/impactomundo.com\/wp-content\/uploads\/2023\/06\/TOP-10_00000-1536x864.jpg 1536w, https:\/\/impactomundo.com\/wp-content\/uploads\/2023\/06\/TOP-10_00000.jpg 1920w\" sizes=\"(max-width: 1024px) 100vw, 1024px\" \/><\/figure>\n\n\n\n<hr class=\"wp-block-separator has-alpha-channel-opacity\"\/>\n","protected":false},"excerpt":{"rendered":"<p>TOP 10: Recopilaci\u00f3n de 10 criminales m\u00e1s buscados, 10 operativos policiales, 10 armas especiales de&#8230;<\/p>\n","protected":false},"author":1,"featured_media":0,"parent":0,"menu_order":0,"comment_status":"closed","ping_status":"closed","template":"","meta":{"om_disable_all_campaigns":false,"_monsterinsights_skip_tracking":false,"_monsterinsights_sitenote_active":false,"_monsterinsights_sitenote_note":"","_monsterinsights_sitenote_category":0,"_uf_show_specific_survey":0,"_uf_disable_surveys":false,"footnotes":""},"class_list":["post-372","page","type-page","status-publish","hentry"],"aioseo_notices":[],"_links":{"self":[{"href":"https:\/\/impactomundo.com\/index.php?rest_route=\/wp\/v2\/pages\/372","targetHints":{"allow":["GET"]}}],"collection":[{"href":"https:\/\/impactomundo.com\/index.php?rest_route=\/wp\/v2\/pages"}],"about":[{"href":"https:\/\/impactomundo.com\/index.php?rest_route=\/wp\/v2\/types\/page"}],"author":[{"embeddable":true,"href":"https:\/\/impactomundo.com\/index.php?rest_route=\/wp\/v2\/users\/1"}],"replies":[{"embeddable":true,"href":"https:\/\/impactomundo.com\/index.php?rest_route=%2Fwp%2Fv2%2Fcomments&post=372"}],"version-history":[{"count":12,"href":"https:\/\/impactomundo.com\/index.php?rest_route=\/wp\/v2\/pages\/372\/revisions"}],"predecessor-version":[{"id":631,"href":"https:\/\/impactomundo.com\/index.php?rest_route=\/wp\/v2\/pages\/372\/revisions\/631"}],"wp:attachment":[{"href":"https:\/\/impactomundo.com\/index.php?rest_route=%2Fwp%2Fv2%2Fmedia&parent=372"}],"curies":[{"name":"wp","href":"https:\/\/api.w.org\/{rel}","templated":true}]}}