{"id":143,"date":"2023-04-27T09:49:18","date_gmt":"2023-04-27T14:49:18","guid":{"rendered":"https:\/\/impactomundo.com\/?page_id=143"},"modified":"2023-05-10T09:00:54","modified_gmt":"2023-05-10T14:00:54","slug":"podcast","status":"publish","type":"page","link":"https:\/\/impactomundo.com\/?page_id=143","title":{"rendered":"Podcast"},"content":{"rendered":"<div class=\"wp-block-image\">\n<figure class=\"alignleft size-full\"><a href=\"https:\/\/open.spotify.com\/episode\/4UwYqAihQJtzeYfyqVXMNA\" target=\"_blank\" rel=\"noreferrer noopener\"><img fetchpriority=\"high\" decoding=\"async\" width=\"1080\" height=\"1080\" src=\"https:\/\/impactomundo.com\/wp-content\/uploads\/2023\/05\/ASI-CONOCI-A-POPEYE-OK_00000.jpg\" alt=\"\" class=\"wp-image-261\"\/><\/a><figcaption class=\"wp-element-caption\">Popeye siempre ser\u00e1 recordado como el jefe de sicarios del cartel de Medell\u00edn y uno de los bandidos m\u00e1s cercanos al capo de capos Pablo Escobar. En este podcast escuchar\u00e1s su confesi\u00f3n exclusiva con detalles imperdibles de su historia como el General de la Mafia.<\/figcaption><\/figure>\n<\/div>\n\n\n<figure class=\"wp-block-image size-full\"><a href=\"https:\/\/open.spotify.com\/episode\/4UwYqAihQJtzeYfyqVXMNA\" target=\"_blank\" rel=\"noreferrer noopener\"><img decoding=\"async\" width=\"72\" height=\"117\" src=\"https:\/\/impactomundo.com\/wp-content\/uploads\/2023\/05\/spotify.jpg\" alt=\"\" class=\"wp-image-310\"\/><\/a><\/figure>\n\n\n\n<hr class=\"wp-block-separator has-alpha-channel-opacity\"\/>\n\n\n<div class=\"wp-block-image\">\n<figure class=\"alignleft size-full\"><a href=\"https:\/\/open.spotify.com\/episode\/77q4woHhzFspwZQcZlQIC6\" target=\"_blank\" rel=\"noreferrer noopener\"><img decoding=\"async\" width=\"1080\" height=\"1080\" src=\"https:\/\/impactomundo.com\/wp-content\/uploads\/2023\/05\/Ovidio-guzman_00014.jpg\" alt=\"\" class=\"wp-image-262\"\/><\/a><figcaption class=\"wp-element-caption\">Con la recaptura de Ovidio Guzm\u00e1n alias Rat\u00f3n en enero de 2023, el C\u00e1rtel de Sinaloa sufri\u00f3 un terrible sacud\u00f3n que interrumpi\u00f3 el futuro criminal de este capo del narco que fue inmediatamente enviado a la c\u00e1rcel de m\u00e1xima seguridad del Altiplano; la misma de la que su padre se escap\u00f3 en 2015 de forma cinematogr\u00e1fica a trav\u00e9s de un t\u00fanel. En esta primera parte del podcast conocer\u00e1s la vida y obra criminal de la Herencia del Chapo Guzm\u00e1n. Esto es Operaci\u00f3n Crimen.<\/figcaption><\/figure>\n<\/div>\n\n\n<figure class=\"wp-block-image size-full\"><a href=\"https:\/\/open.spotify.com\/episode\/77q4woHhzFspwZQcZlQIC6\" target=\"_blank\" rel=\"noreferrer noopener\"><img decoding=\"async\" width=\"72\" height=\"117\" src=\"https:\/\/impactomundo.com\/wp-content\/uploads\/2023\/05\/spotify.jpg\" alt=\"\" class=\"wp-image-310\"\/><\/a><\/figure>\n\n\n\n<hr class=\"wp-block-separator has-alpha-channel-opacity\"\/>\n\n\n\n<figure class=\"wp-block-image size-full\"><a href=\"https:\/\/open.spotify.com\/show\/2U9Wh8ZheHnW9l2OVkCO6Q\" target=\"_blank\" rel=\"noreferrer noopener\"><img loading=\"lazy\" decoding=\"async\" width=\"1400\" height=\"1400\" src=\"https:\/\/impactomundo.com\/wp-content\/uploads\/2023\/05\/RENDER-PORTADA-2_00000.jpg\" alt=\"\" class=\"wp-image-264\"\/><\/a><\/figure>\n\n\n\n<p class=\"has-text-align-left\">Es el podcast que realiza un recorrido anal\u00edtico sobre los narcotraficantes, criminales y dictadores m\u00e1s importantes de la actualidad y la historia; desde el capo de capos Pablo Escobar hasta el Se\u00f1or de los Gallos alias El Mencho del C\u00e1rtel Jalisco Nueva Generaci\u00f3n.<\/p>\n\n\n\n<figure class=\"wp-block-image size-full\"><a href=\"https:\/\/open.spotify.com\/show\/2U9Wh8ZheHnW9l2OVkCO6Q\" target=\"_blank\" rel=\"noreferrer noopener\"><img decoding=\"async\" width=\"72\" height=\"117\" src=\"https:\/\/impactomundo.com\/wp-content\/uploads\/2023\/05\/spotify.jpg\" alt=\"\" class=\"wp-image-310\"\/><\/a><\/figure>\n","protected":false},"excerpt":{"rendered":"<p>Es el podcast que realiza un recorrido anal\u00edtico sobre los narcotraficantes, criminales y dictadores m\u00e1s&#8230;<\/p>\n","protected":false},"author":1,"featured_media":0,"parent":0,"menu_order":0,"comment_status":"closed","ping_status":"closed","template":"","meta":{"om_disable_all_campaigns":false,"_monsterinsights_skip_tracking":false,"_monsterinsights_sitenote_active":false,"_monsterinsights_sitenote_note":"","_monsterinsights_sitenote_category":0,"_uf_show_specific_survey":0,"_uf_disable_surveys":false,"footnotes":""},"class_list":["post-143","page","type-page","status-publish","hentry"],"aioseo_notices":[],"_links":{"self":[{"href":"https:\/\/impactomundo.com\/index.php?rest_route=\/wp\/v2\/pages\/143","targetHints":{"allow":["GET"]}}],"collection":[{"href":"https:\/\/impactomundo.com\/index.php?rest_route=\/wp\/v2\/pages"}],"about":[{"href":"https:\/\/impactomundo.com\/index.php?rest_route=\/wp\/v2\/types\/page"}],"author":[{"embeddable":true,"href":"https:\/\/impactomundo.com\/index.php?rest_route=\/wp\/v2\/users\/1"}],"replies":[{"embeddable":true,"href":"https:\/\/impactomundo.com\/index.php?rest_route=%2Fwp%2Fv2%2Fcomments&post=143"}],"version-history":[{"count":16,"href":"https:\/\/impactomundo.com\/index.php?rest_route=\/wp\/v2\/pages\/143\/revisions"}],"predecessor-version":[{"id":556,"href":"https:\/\/impactomundo.com\/index.php?rest_route=\/wp\/v2\/pages\/143\/revisions\/556"}],"wp:attachment":[{"href":"https:\/\/impactomundo.com\/index.php?rest_route=%2Fwp%2Fv2%2Fmedia&parent=143"}],"curies":[{"name":"wp","href":"https:\/\/api.w.org\/{rel}","templated":true}]}}